{"id":1643,"date":"2020-03-02T19:31:17","date_gmt":"2020-03-02T19:31:17","guid":{"rendered":"https:\/\/www.pradatarghe.com\/about-us\/mission-vision\/"},"modified":"2023-01-31T14:21:31","modified_gmt":"2023-01-31T14:21:31","slug":"missione-visione","status":"publish","type":"page","link":"https:\/\/www.pradatarghe.com\/it\/chi-siamo\/missione-visione\/","title":{"rendered":"Missione &#038; Visione"},"content":{"rendered":"<p><strong>La Nostra Missione<\/strong> \u00e8 quella di fornire un servizio completo, partendo da un prodotto grezzo e arrivando ad ottenere la soluzione finale perfetta. Stiamo crescendo con il digitale in maniera esponenziale per soddisfare le nuove richieste dell\u2019industria.<\/p>\n<p><strong>La Nostra Visione<\/strong> \u00e8 quella di offrire prodotti di qualit\u00e0 che anticipano e soddisfano i desideri e le esigenze della nostra clientela, con speciale slancio verso il settore marittimo; come parte del <a href=\"https:\/\/groupcaim.com\/it\/\">Caim Group<\/a>, garantiamo una presenza internazionale, una rete di consolidata fidelizzazione e una solida esperienza nel settore navale.<br \/>\nSiamo sempre al fianco dei nostri clienti, dalla nuova costruzione alla ristrutturazione, fornendo un controllo &#8220;end to end&#8221; dell&#8217;intera filiera (catena), offrendo qualit\u00e0, affidabilit\u00e0, innovazione e competitivit\u00e0.<\/p>\n<div><\/div>\n","protected":false},"excerpt":{"rendered":"<p>La Nostra Missione \u00e8 quella di fornire un servizio completo, partendo da un prodotto grezzo e arrivando ad ottenere la soluzione finale perfetta. Stiamo crescendo con il digitale in maniera esponenziale per soddisfare le nuove richieste dell\u2019industria. La Nostra Visione \u00e8 quella di offrire prodotti di qualit\u00e0 che anticipano e soddisfano i desideri e le [&hellip;]<\/p>\n","protected":false},"author":1,"featured_media":0,"parent":1642,"menu_order":0,"comment_status":"closed","ping_status":"closed","template":"templates\/template-full-width.php","meta":[],"acf":[],"yoast_head":"<!-- This site is optimized with the Yoast SEO plugin v21.8.1 - https:\/\/yoast.com\/wordpress\/plugins\/seo\/ -->\n<title>Missione &amp; Visione - Prada<\/title>\n<meta name=\"description\" content=\"Provvediamo varie industrie, specialmente quella marittima, con targhe e segnaletica create con diversi materiali e tecniche.\" \/>\n<meta name=\"robots\" content=\"index, follow, max-snippet:-1, max-image-preview:large, max-video-preview:-1\" \/>\n<link rel=\"canonical\" href=\"https:\/\/www.pradatarghe.com\/it\/chi-siamo\/missione-visione\/\" \/>\n<meta property=\"og:locale\" content=\"it_IT\" \/>\n<meta property=\"og:type\" content=\"article\" \/>\n<meta property=\"og:title\" content=\"Missione &amp; Visione - Prada\" \/>\n<meta property=\"og:description\" content=\"Provvediamo varie industrie, specialmente quella marittima, con targhe e segnaletica create con diversi materiali e tecniche.\" \/>\n<meta property=\"og:url\" content=\"https:\/\/www.pradatarghe.com\/it\/chi-siamo\/missione-visione\/\" \/>\n<meta property=\"og:site_name\" content=\"Prada\" \/>\n<meta property=\"article:modified_time\" content=\"2023-01-31T14:21:31+00:00\" \/>\n<meta name=\"twitter:card\" content=\"summary_large_image\" \/>\n<meta name=\"twitter:label1\" content=\"Tempo di lettura stimato\" \/>\n\t<meta name=\"twitter:data1\" content=\"1 minuto\" \/>\n<script type=\"application\/ld+json\" class=\"yoast-schema-graph\">{\"@context\":\"https:\/\/schema.org\",\"@graph\":[{\"@type\":\"WebPage\",\"@id\":\"https:\/\/www.pradatarghe.com\/it\/chi-siamo\/missione-visione\/\",\"url\":\"https:\/\/www.pradatarghe.com\/it\/chi-siamo\/missione-visione\/\",\"name\":\"Missione & Visione - Prada\",\"isPartOf\":{\"@id\":\"https:\/\/www.pradatarghe.com\/#website\"},\"datePublished\":\"2020-03-02T19:31:17+00:00\",\"dateModified\":\"2023-01-31T14:21:31+00:00\",\"description\":\"Provvediamo varie industrie, specialmente quella marittima, con targhe e segnaletica create con diversi materiali e tecniche.\",\"breadcrumb\":{\"@id\":\"https:\/\/www.pradatarghe.com\/it\/chi-siamo\/missione-visione\/#breadcrumb\"},\"inLanguage\":\"it-IT\",\"potentialAction\":[{\"@type\":\"ReadAction\",\"target\":[\"https:\/\/www.pradatarghe.com\/it\/chi-siamo\/missione-visione\/\"]}]},{\"@type\":\"BreadcrumbList\",\"@id\":\"https:\/\/www.pradatarghe.com\/it\/chi-siamo\/missione-visione\/#breadcrumb\",\"itemListElement\":[{\"@type\":\"ListItem\",\"position\":1,\"name\":\"Home\",\"item\":\"https:\/\/www.pradatarghe.com\/it\/\"},{\"@type\":\"ListItem\",\"position\":2,\"name\":\"Chi Siamo\",\"item\":\"https:\/\/www.pradatarghe.com\/it\/chi-siamo\/\"},{\"@type\":\"ListItem\",\"position\":3,\"name\":\"Missione &#038; Visione\"}]},{\"@type\":\"WebSite\",\"@id\":\"https:\/\/www.pradatarghe.com\/#website\",\"url\":\"https:\/\/www.pradatarghe.com\/\",\"name\":\"Prada\",\"description\":\"\",\"publisher\":{\"@id\":\"https:\/\/www.pradatarghe.com\/#organization\"},\"potentialAction\":[{\"@type\":\"SearchAction\",\"target\":{\"@type\":\"EntryPoint\",\"urlTemplate\":\"https:\/\/www.pradatarghe.com\/?s={search_term_string}\"},\"query-input\":\"required name=search_term_string\"}],\"inLanguage\":\"it-IT\"},{\"@type\":\"Organization\",\"@id\":\"https:\/\/www.pradatarghe.com\/#organization\",\"name\":\"Generalmarine srl\",\"url\":\"https:\/\/www.pradatarghe.com\/\",\"logo\":{\"@type\":\"ImageObject\",\"inLanguage\":\"it-IT\",\"@id\":\"https:\/\/www.pradatarghe.com\/#\/schema\/logo\/image\/\",\"url\":\"https:\/\/www.pradatarghe.com\/wp-content\/uploads\/2020\/09\/log-gm.png\",\"contentUrl\":\"https:\/\/www.pradatarghe.com\/wp-content\/uploads\/2020\/09\/log-gm.png\",\"width\":435,\"height\":80,\"caption\":\"Generalmarine srl\"},\"image\":{\"@id\":\"https:\/\/www.pradatarghe.com\/#\/schema\/logo\/image\/\"},\"sameAs\":[\"https:\/\/www.linkedin.com\/company\/generalmarine\/\"]}]}<\/script>\n<!-- \/ Yoast SEO plugin. -->","yoast_head_json":{"title":"Missione & Visione - Prada","description":"Provvediamo varie industrie, specialmente quella marittima, con targhe e segnaletica create con diversi materiali e tecniche.","robots":{"index":"index","follow":"follow","max-snippet":"max-snippet:-1","max-image-preview":"max-image-preview:large","max-video-preview":"max-video-preview:-1"},"canonical":"https:\/\/www.pradatarghe.com\/it\/chi-siamo\/missione-visione\/","og_locale":"it_IT","og_type":"article","og_title":"Missione & Visione - Prada","og_description":"Provvediamo varie industrie, specialmente quella marittima, con targhe e segnaletica create con diversi materiali e tecniche.","og_url":"https:\/\/www.pradatarghe.com\/it\/chi-siamo\/missione-visione\/","og_site_name":"Prada","article_modified_time":"2023-01-31T14:21:31+00:00","twitter_card":"summary_large_image","twitter_misc":{"Tempo di lettura stimato":"1 minuto"},"schema":{"@context":"https:\/\/schema.org","@graph":[{"@type":"WebPage","@id":"https:\/\/www.pradatarghe.com\/it\/chi-siamo\/missione-visione\/","url":"https:\/\/www.pradatarghe.com\/it\/chi-siamo\/missione-visione\/","name":"Missione & Visione - Prada","isPartOf":{"@id":"https:\/\/www.pradatarghe.com\/#website"},"datePublished":"2020-03-02T19:31:17+00:00","dateModified":"2023-01-31T14:21:31+00:00","description":"Provvediamo varie industrie, specialmente quella marittima, con targhe e segnaletica create con diversi materiali e tecniche.","breadcrumb":{"@id":"https:\/\/www.pradatarghe.com\/it\/chi-siamo\/missione-visione\/#breadcrumb"},"inLanguage":"it-IT","potentialAction":[{"@type":"ReadAction","target":["https:\/\/www.pradatarghe.com\/it\/chi-siamo\/missione-visione\/"]}]},{"@type":"BreadcrumbList","@id":"https:\/\/www.pradatarghe.com\/it\/chi-siamo\/missione-visione\/#breadcrumb","itemListElement":[{"@type":"ListItem","position":1,"name":"Home","item":"https:\/\/www.pradatarghe.com\/it\/"},{"@type":"ListItem","position":2,"name":"Chi Siamo","item":"https:\/\/www.pradatarghe.com\/it\/chi-siamo\/"},{"@type":"ListItem","position":3,"name":"Missione &#038; Visione"}]},{"@type":"WebSite","@id":"https:\/\/www.pradatarghe.com\/#website","url":"https:\/\/www.pradatarghe.com\/","name":"Prada","description":"","publisher":{"@id":"https:\/\/www.pradatarghe.com\/#organization"},"potentialAction":[{"@type":"SearchAction","target":{"@type":"EntryPoint","urlTemplate":"https:\/\/www.pradatarghe.com\/?s={search_term_string}"},"query-input":"required name=search_term_string"}],"inLanguage":"it-IT"},{"@type":"Organization","@id":"https:\/\/www.pradatarghe.com\/#organization","name":"Generalmarine srl","url":"https:\/\/www.pradatarghe.com\/","logo":{"@type":"ImageObject","inLanguage":"it-IT","@id":"https:\/\/www.pradatarghe.com\/#\/schema\/logo\/image\/","url":"https:\/\/www.pradatarghe.com\/wp-content\/uploads\/2020\/09\/log-gm.png","contentUrl":"https:\/\/www.pradatarghe.com\/wp-content\/uploads\/2020\/09\/log-gm.png","width":435,"height":80,"caption":"Generalmarine srl"},"image":{"@id":"https:\/\/www.pradatarghe.com\/#\/schema\/logo\/image\/"},"sameAs":["https:\/\/www.linkedin.com\/company\/generalmarine\/"]}]}},"_links":{"self":[{"href":"https:\/\/www.pradatarghe.com\/it\/wp-json\/wp\/v2\/pages\/1643"}],"collection":[{"href":"https:\/\/www.pradatarghe.com\/it\/wp-json\/wp\/v2\/pages"}],"about":[{"href":"https:\/\/www.pradatarghe.com\/it\/wp-json\/wp\/v2\/types\/page"}],"author":[{"embeddable":true,"href":"https:\/\/www.pradatarghe.com\/it\/wp-json\/wp\/v2\/users\/1"}],"replies":[{"embeddable":true,"href":"https:\/\/www.pradatarghe.com\/it\/wp-json\/wp\/v2\/comments?post=1643"}],"version-history":[{"count":9,"href":"https:\/\/www.pradatarghe.com\/it\/wp-json\/wp\/v2\/pages\/1643\/revisions"}],"predecessor-version":[{"id":2371,"href":"https:\/\/www.pradatarghe.com\/it\/wp-json\/wp\/v2\/pages\/1643\/revisions\/2371"}],"up":[{"embeddable":true,"href":"https:\/\/www.pradatarghe.com\/it\/wp-json\/wp\/v2\/pages\/1642"}],"wp:attachment":[{"href":"https:\/\/www.pradatarghe.com\/it\/wp-json\/wp\/v2\/media?parent=1643"}],"curies":[{"name":"wp","href":"https:\/\/api.w.org\/{rel}","templated":true}]}}